{"id":104,"date":"2025-08-26T11:49:54","date_gmt":"2025-08-26T09:49:54","guid":{"rendered":"https:\/\/rapa-g4ajg9g0cyhyd9dz.spaincentral-01.azurewebsites.net\/\/?page_id=104"},"modified":"2025-10-27T22:48:11","modified_gmt":"2025-10-27T21:48:11","slug":"el-circulo-virtuoso-conservacion-y-ecosistema","status":"publish","type":"page","link":"https:\/\/rapadasbestas.gal\/?page_id=104&lang=es","title":{"rendered":"El C\u00edrculo Virtuoso: Conservaci\u00f3n y Ecosistema"},"content":{"rendered":"\n<div class=\"wp-block-columns is-layout-flex wp-container-core-columns-is-layout-9d6595d7 wp-block-columns-is-layout-flex\">\n<div class=\"wp-block-column is-layout-flow wp-block-column-is-layout-flow\" style=\"flex-basis:100%\"><\/div>\n<\/div>\n\n\n\n<div class=\"wp-block-columns is-layout-flex wp-container-core-columns-is-layout-9d6595d7 wp-block-columns-is-layout-flex\">\n<div class=\"wp-block-column is-layout-flow wp-block-column-is-layout-flow\" style=\"flex-basis:50%\">\n<div class=\"wp-block-group\"><div class=\"wp-block-group__inner-container is-layout-constrained wp-block-group-is-layout-constrained\">\n<h2 class=\"wp-block-heading\"><strong>Prevenci\u00f3n de Incendios: Bomberos de Cuatro Patas<\/strong><\/h2>\n\n\n\n<p>La presencia de las manadas en el monte es el sistema de prevenci\u00f3n de incendios m\u00e1s eficaz y sostenible que existe. Al pastar, los caballos mantienen a raya el matorral y la biomasa combustible, creando cortafuegos naturales y reduciendo dr\u00e1sticamente el riesgo y la virulencia de los incendios forestales.<\/p>\n\n\n\n<h2 class=\"wp-block-heading\"><strong>Guardianes de la Biodiversidad<\/strong><\/h2>\n\n\n\n<p>El pastoreo extensivo de los caballos modela el paisaje, fomenta la diversidad de pastos y ayuda a la dispersi\u00f3n de semillas. Su actividad mantiene un ecosistema en equilibrio que beneficia a multitud de otras especies animales y vegetales. La Rapa, por tanto, no es solo una fiesta: es la culminaci\u00f3n de un ciclo anual de gesti\u00f3n sostenible y cuidado del medio ambiente.<\/p>\n<\/div><\/div>\n<\/div>\n\n\n\n<div class=\"wp-block-column is-layout-flow wp-block-column-is-layout-flow\" style=\"flex-basis:50%\">\n<figure class=\"wp-block-video\"><video height=\"1024\" style=\"aspect-ratio: 1024 \/ 1024;\" width=\"1024\" controls src=\"\/wp-content\/uploads\/2025\/10\/circulo.mp4\"><\/video><\/figure>\n<\/div>\n<\/div>\n","protected":false},"excerpt":{"rendered":"<p>Prevenci\u00f3n de Incendios: Bomberos de Cuatro Patas La presencia de las manadas en el monte es el sistema de prevenci\u00f3n de incendios m\u00e1s eficaz y sostenible que existe. Al pastar, los caballos mantienen a raya el matorral y la biomasa combustible, creando cortafuegos naturales y reduciendo dr\u00e1sticamente el riesgo y la virulencia de los incendios [&hellip;]<\/p>\n","protected":false},"author":1,"featured_media":0,"parent":7,"menu_order":0,"comment_status":"closed","ping_status":"closed","template":"templates\/page-without-thumbnail.php","meta":{"_acf_changed":false,"footnotes":""},"class_list":["post-104","page","type-page","status-publish","hentry"],"acf":[],"_links":{"self":[{"href":"https:\/\/rapadasbestas.gal\/index.php?rest_route=\/wp\/v2\/pages\/104","targetHints":{"allow":["GET"]}}],"collection":[{"href":"https:\/\/rapadasbestas.gal\/index.php?rest_route=\/wp\/v2\/pages"}],"about":[{"href":"https:\/\/rapadasbestas.gal\/index.php?rest_route=\/wp\/v2\/types\/page"}],"author":[{"embeddable":true,"href":"https:\/\/rapadasbestas.gal\/index.php?rest_route=\/wp\/v2\/users\/1"}],"replies":[{"embeddable":true,"href":"https:\/\/rapadasbestas.gal\/index.php?rest_route=%2Fwp%2Fv2%2Fcomments&post=104"}],"version-history":[{"count":7,"href":"https:\/\/rapadasbestas.gal\/index.php?rest_route=\/wp\/v2\/pages\/104\/revisions"}],"predecessor-version":[{"id":785,"href":"https:\/\/rapadasbestas.gal\/index.php?rest_route=\/wp\/v2\/pages\/104\/revisions\/785"}],"up":[{"embeddable":true,"href":"https:\/\/rapadasbestas.gal\/index.php?rest_route=\/wp\/v2\/pages\/7"}],"wp:attachment":[{"href":"https:\/\/rapadasbestas.gal\/index.php?rest_route=%2Fwp%2Fv2%2Fmedia&parent=104"}],"curies":[{"name":"wp","href":"https:\/\/api.w.org\/{rel}","templated":true}]}}