{"id":110,"date":"2025-08-26T12:03:22","date_gmt":"2025-08-26T10:03:22","guid":{"rendered":"https:\/\/rapa-g4ajg9g0cyhyd9dz.spaincentral-01.azurewebsites.net\/\/?page_id=110"},"modified":"2025-10-10T13:41:20","modified_gmt":"2025-10-10T11:41:20","slug":"patrimonio-etnografico","status":"publish","type":"page","link":"https:\/\/rapadasbestas.gal\/?page_id=110&lang=es","title":{"rendered":"Patrimonio Etnogr\u00e1fico"},"content":{"rendered":"\n<h2 class=\"wp-block-heading\">La Ruta de los Molinos (Mu\u00ed\u00f1os do Vesacarballa)<\/h2>\n\n\n\n<p>Uno de los tesoros mejor guardados de Sabucedo es su conjunto de molinos de agua, restaurados recientemente. La &#8220;Ruta dos Mu\u00ed\u00f1os&#8221; es un sendero de poco m\u00e1s de un kil\u00f3metro que sigue el curso del regato Barranca de Vesacarballa y permite visitar estas construcciones.<\/p>\n\n\n\n<p>La ruta, acondicionada en 2009, se compone de varias construcciones tradicionales que datan desde el siglo XVIII hasta el XX, incluyendo puentes, canales y molinos. El recorrido destaca por la belleza de sus elementos, y cada molino cuenta una historia de trabajo comunitario y aprovechamiento sostenible de los recursos. Entre ellos se encuentra el &#8220;Serradoiro do Mestre&#8221;, que adem\u00e1s de molino harinero, fue aserradero, horno de pan y gallinero, lo que le vali\u00f3 el apodo de &#8220;A F\u00e1brica&#8221; entre los vecinos.<\/p>\n\n\n\n<h2 class=\"wp-block-heading\">Otras Huellas de la Historia<\/h2>\n\n\n\n<p>Adem\u00e1s de los molinos, al caminar por Sabucedo y sus alrededores se pueden encontrar h\u00f3rreos, fuentes y lavaderos tradicionales que nos hablan de una forma de vida ligada a la tierra y a la comunidad.<\/p>\n","protected":false},"excerpt":{"rendered":"<p>La Ruta de los Molinos (Mu\u00ed\u00f1os do Vesacarballa) Uno de los tesoros mejor guardados de Sabucedo es su conjunto de molinos de agua, restaurados recientemente. La &#8220;Ruta dos Mu\u00ed\u00f1os&#8221; es un sendero de poco m\u00e1s de un kil\u00f3metro que sigue el curso del regato Barranca de Vesacarballa y permite visitar estas construcciones. La ruta, acondicionada [&hellip;]<\/p>\n","protected":false},"author":1,"featured_media":551,"parent":17,"menu_order":0,"comment_status":"closed","ping_status":"closed","template":"templates\/page.php","meta":{"_acf_changed":false,"footnotes":""},"class_list":["post-110","page","type-page","status-publish","has-post-thumbnail","hentry"],"acf":[],"_links":{"self":[{"href":"https:\/\/rapadasbestas.gal\/index.php?rest_route=\/wp\/v2\/pages\/110","targetHints":{"allow":["GET"]}}],"collection":[{"href":"https:\/\/rapadasbestas.gal\/index.php?rest_route=\/wp\/v2\/pages"}],"about":[{"href":"https:\/\/rapadasbestas.gal\/index.php?rest_route=\/wp\/v2\/types\/page"}],"author":[{"embeddable":true,"href":"https:\/\/rapadasbestas.gal\/index.php?rest_route=\/wp\/v2\/users\/1"}],"replies":[{"embeddable":true,"href":"https:\/\/rapadasbestas.gal\/index.php?rest_route=%2Fwp%2Fv2%2Fcomments&post=110"}],"version-history":[{"count":2,"href":"https:\/\/rapadasbestas.gal\/index.php?rest_route=\/wp\/v2\/pages\/110\/revisions"}],"predecessor-version":[{"id":733,"href":"https:\/\/rapadasbestas.gal\/index.php?rest_route=\/wp\/v2\/pages\/110\/revisions\/733"}],"up":[{"embeddable":true,"href":"https:\/\/rapadasbestas.gal\/index.php?rest_route=\/wp\/v2\/pages\/17"}],"wp:featuredmedia":[{"embeddable":true,"href":"https:\/\/rapadasbestas.gal\/index.php?rest_route=\/wp\/v2\/media\/551"}],"wp:attachment":[{"href":"https:\/\/rapadasbestas.gal\/index.php?rest_route=%2Fwp%2Fv2%2Fmedia&parent=110"}],"curies":[{"name":"wp","href":"https:\/\/api.w.org\/{rel}","templated":true}]}}