{"id":112,"date":"2025-08-26T12:06:02","date_gmt":"2025-08-26T10:06:02","guid":{"rendered":"https:\/\/rapa-g4ajg9g0cyhyd9dz.spaincentral-01.azurewebsites.net\/\/?page_id=112"},"modified":"2025-09-11T16:33:09","modified_gmt":"2025-09-11T14:33:09","slug":"la-huella-de-la-arqueologia","status":"publish","type":"page","link":"https:\/\/rapadasbestas.gal\/?page_id=112&lang=es","title":{"rendered":"La Huella de la Arqueolog\u00eda"},"content":{"rendered":"\n<h2 class=\"wp-block-heading\">Los Petroglifos Milenarios<\/h2>\n\n\n\n<p>La relaci\u00f3n del ser humano con los caballos en estas tierras es mucho m\u00e1s antigua que la propia leyenda de la Rapa. Prueba de ello son los numerosos petroglifos, grabados en piedra hace miles de a\u00f1os, encontrados en la zona. Muchos de ellos representan equinos y escenas de caza, demostrando la importancia de este animal para los primeros pobladores.<\/p>\n\n\n\n<p>En lugares como Chan da Lagoa (en Parada), se han encontrado grabados de ciervos, combinaciones circulares y pseudolaber\u00ednticas, adem\u00e1s de escenas de equitaci\u00f3n. Asimismo, en Outeiro dos Cogoludos (en Paredes) se han descubierto petroglifos que muestran jinetes.<\/p>\n\n\n\n<h2 class=\"wp-block-heading\">El Yacimiento de \u2018A Casa das Vellas\u2019<\/h2>\n\n\n\n<p>Las excavaciones arqueol\u00f3gicas en el lugar que la tradici\u00f3n se\u00f1ala como \u00abA Casa das Vellas\u00bb han revelado restos de un posible asentamiento de la Edad del Bronce. Aunque no se puede confirmar la leyenda al pie de la letra, estos hallazgos demuestran que el lugar ha tenido una significaci\u00f3n especial para los habitantes de la zona desde tiempos inmemoriales.<\/p>\n","protected":false},"excerpt":{"rendered":"<p>Los Petroglifos Milenarios La relaci\u00f3n del ser humano con los caballos en estas tierras es mucho m\u00e1s antigua que la propia leyenda de la Rapa. Prueba de ello son los numerosos petroglifos, grabados en piedra hace miles de a\u00f1os, encontrados en la zona. Muchos de ellos representan equinos y escenas de caza, demostrando la importancia [&hellip;]<\/p>\n","protected":false},"author":1,"featured_media":587,"parent":17,"menu_order":0,"comment_status":"closed","ping_status":"closed","template":"templates\/page.php","meta":{"_acf_changed":false,"footnotes":""},"class_list":["post-112","page","type-page","status-publish","has-post-thumbnail","hentry"],"acf":[],"_links":{"self":[{"href":"https:\/\/rapadasbestas.gal\/index.php?rest_route=\/wp\/v2\/pages\/112","targetHints":{"allow":["GET"]}}],"collection":[{"href":"https:\/\/rapadasbestas.gal\/index.php?rest_route=\/wp\/v2\/pages"}],"about":[{"href":"https:\/\/rapadasbestas.gal\/index.php?rest_route=\/wp\/v2\/types\/page"}],"author":[{"embeddable":true,"href":"https:\/\/rapadasbestas.gal\/index.php?rest_route=\/wp\/v2\/users\/1"}],"replies":[{"embeddable":true,"href":"https:\/\/rapadasbestas.gal\/index.php?rest_route=%2Fwp%2Fv2%2Fcomments&post=112"}],"version-history":[{"count":2,"href":"https:\/\/rapadasbestas.gal\/index.php?rest_route=\/wp\/v2\/pages\/112\/revisions"}],"predecessor-version":[{"id":312,"href":"https:\/\/rapadasbestas.gal\/index.php?rest_route=\/wp\/v2\/pages\/112\/revisions\/312"}],"up":[{"embeddable":true,"href":"https:\/\/rapadasbestas.gal\/index.php?rest_route=\/wp\/v2\/pages\/17"}],"wp:featuredmedia":[{"embeddable":true,"href":"https:\/\/rapadasbestas.gal\/index.php?rest_route=\/wp\/v2\/media\/587"}],"wp:attachment":[{"href":"https:\/\/rapadasbestas.gal\/index.php?rest_route=%2Fwp%2Fv2%2Fmedia&parent=112"}],"curies":[{"name":"wp","href":"https:\/\/api.w.org\/{rel}","templated":true}]}}