{"id":17,"date":"2025-08-22T10:43:52","date_gmt":"2025-08-22T08:43:52","guid":{"rendered":"https:\/\/rapa-g4ajg9g0cyhyd9dz.spaincentral-01.azurewebsites.net\/\/?page_id=17"},"modified":"2025-09-11T14:29:40","modified_gmt":"2025-09-11T12:29:40","slug":"nuestro-patrimonio","status":"publish","type":"page","link":"https:\/\/rapadasbestas.gal\/?page_id=17&lang=es","title":{"rendered":"Nuestro Patrimonio"},"content":{"rendered":"\n<p>Sabucedo es mucho m\u00e1s que una fiesta. Explora el paisaje, la cultura y la historia que conforman el entorno \u00fanico de la Rapa das Bestas durante todo el a\u00f1o.<\/p>\n","protected":false},"excerpt":{"rendered":"<p>Sabucedo es mucho m\u00e1s que una fiesta. Explora el paisaje, la cultura y la historia que conforman el entorno \u00fanico de la Rapa das Bestas durante todo el a\u00f1o.<\/p>\n","protected":false},"author":1,"featured_media":551,"parent":47,"menu_order":0,"comment_status":"closed","ping_status":"closed","template":"templates\/page-with-cards.php","meta":{"_acf_changed":false,"footnotes":""},"class_list":["post-17","page","type-page","status-publish","has-post-thumbnail","hentry"],"acf":[],"_links":{"self":[{"href":"https:\/\/rapadasbestas.gal\/index.php?rest_route=\/wp\/v2\/pages\/17","targetHints":{"allow":["GET"]}}],"collection":[{"href":"https:\/\/rapadasbestas.gal\/index.php?rest_route=\/wp\/v2\/pages"}],"about":[{"href":"https:\/\/rapadasbestas.gal\/index.php?rest_route=\/wp\/v2\/types\/page"}],"author":[{"embeddable":true,"href":"https:\/\/rapadasbestas.gal\/index.php?rest_route=\/wp\/v2\/users\/1"}],"replies":[{"embeddable":true,"href":"https:\/\/rapadasbestas.gal\/index.php?rest_route=%2Fwp%2Fv2%2Fcomments&post=17"}],"version-history":[{"count":5,"href":"https:\/\/rapadasbestas.gal\/index.php?rest_route=\/wp\/v2\/pages\/17\/revisions"}],"predecessor-version":[{"id":66,"href":"https:\/\/rapadasbestas.gal\/index.php?rest_route=\/wp\/v2\/pages\/17\/revisions\/66"}],"up":[{"embeddable":true,"href":"https:\/\/rapadasbestas.gal\/index.php?rest_route=\/wp\/v2\/pages\/47"}],"wp:featuredmedia":[{"embeddable":true,"href":"https:\/\/rapadasbestas.gal\/index.php?rest_route=\/wp\/v2\/media\/551"}],"wp:attachment":[{"href":"https:\/\/rapadasbestas.gal\/index.php?rest_route=%2Fwp%2Fv2%2Fmedia&parent=17"}],"curies":[{"name":"wp","href":"https:\/\/api.w.org\/{rel}","templated":true}]}}