{"id":173,"date":"2025-08-27T13:30:27","date_gmt":"2025-08-27T11:30:27","guid":{"rendered":"https:\/\/rapa-g4ajg9g0cyhyd9dz.spaincentral-01.azurewebsites.net\/\/?page_id=173"},"modified":"2025-09-11T11:15:26","modified_gmt":"2025-09-11T09:15:26","slug":"experiencia-360o","status":"publish","type":"page","link":"https:\/\/rapadasbestas.gal\/?page_id=173&lang=es","title":{"rendered":"Experiencia 360\u00ba"},"content":{"rendered":"\n<p>Sum\u00e9rgete en la Rapa das Bestas. Usa el rat\u00f3n para mover la c\u00e1mara o ponte unas gafas de Realidad Virtual para vivirlo como si estuvieras all\u00ed.<\/p>\n","protected":false},"excerpt":{"rendered":"<p>Sum\u00e9rgete en la Rapa das Bestas. Usa el rat\u00f3n para mover la c\u00e1mara o ponte unas gafas de Realidad Virtual para vivirlo como si estuvieras all\u00ed.<\/p>\n","protected":false},"author":1,"featured_media":0,"parent":41,"menu_order":0,"comment_status":"closed","ping_status":"closed","template":"templates\/360-videos.php","meta":{"_acf_changed":false,"footnotes":""},"class_list":["post-173","page","type-page","status-publish","hentry"],"acf":[],"_links":{"self":[{"href":"https:\/\/rapadasbestas.gal\/index.php?rest_route=\/wp\/v2\/pages\/173","targetHints":{"allow":["GET"]}}],"collection":[{"href":"https:\/\/rapadasbestas.gal\/index.php?rest_route=\/wp\/v2\/pages"}],"about":[{"href":"https:\/\/rapadasbestas.gal\/index.php?rest_route=\/wp\/v2\/types\/page"}],"author":[{"embeddable":true,"href":"https:\/\/rapadasbestas.gal\/index.php?rest_route=\/wp\/v2\/users\/1"}],"replies":[{"embeddable":true,"href":"https:\/\/rapadasbestas.gal\/index.php?rest_route=%2Fwp%2Fv2%2Fcomments&post=173"}],"version-history":[{"count":4,"href":"https:\/\/rapadasbestas.gal\/index.php?rest_route=\/wp\/v2\/pages\/173\/revisions"}],"predecessor-version":[{"id":177,"href":"https:\/\/rapadasbestas.gal\/index.php?rest_route=\/wp\/v2\/pages\/173\/revisions\/177"}],"up":[{"embeddable":true,"href":"https:\/\/rapadasbestas.gal\/index.php?rest_route=\/wp\/v2\/pages\/41"}],"wp:attachment":[{"href":"https:\/\/rapadasbestas.gal\/index.php?rest_route=%2Fwp%2Fv2%2Fmedia&parent=173"}],"curies":[{"name":"wp","href":"https:\/\/api.w.org\/{rel}","templated":true}]}}