{"id":227,"date":"2025-08-29T10:12:07","date_gmt":"2025-08-29T08:12:07","guid":{"rendered":"https:\/\/rapa-g4ajg9g0cyhyd9dz.spaincentral-01.azurewebsites.net\/\/?page_id=227"},"modified":"2025-10-27T22:14:20","modified_gmt":"2025-10-27T21:14:20","slug":"informacion-practica","status":"publish","type":"page","link":"https:\/\/rapadasbestas.gal\/?page_id=227&lang=es","title":{"rendered":"Informaci\u00f3n Pr\u00e1ctica"},"content":{"rendered":"\n<div class=\"wp-block-group prose max-w-none space-y-8\"><div class=\"wp-block-group__inner-container is-layout-constrained wp-block-group-is-layout-constrained\">\n<h2 class=\"wp-block-heading\">C\u00f3mo llegar y d\u00f3nde aparcar<\/h2>\n\n\n\n<p>Sabucedo se encuentra en el municipio de A Estrada, a 37 km de Pontevedra y 42 km de Santiago. Durante la Rapa, se implementa un plan de tr\u00e1fico con acceso cerrado a la aldea para veh\u00edculos no autorizados a partir del viernes. Se habilitan zonas de aparcamiento gratuito por la Asociaci\u00f3n Rapa das Bestas, adem\u00e1s de fincas privadas de pago. Se aconseja seguir las indicaciones de la Guardia Civil y los voluntarios para aparcar.<\/p>\n\n\n\n\n<iframe loading=\"lazy\" src=\"https:\/\/www.google.com\/maps\/d\/embed?mid=1gih2qOml014tpHuQLAhLJZ_fX6k7v5c&#038;ehbc=2E312F\" width=\"640\" height=\"480\"><\/iframe>\n\n\n\n\n<h2 class=\"wp-block-heading\">Alojamiento y gastronom\u00eda<\/h2>\n\n\n\n<p>La Asociaci\u00f3n de la Rapa habilita zonas de acampada gratuita en un entorno de robles centenarios, con ba\u00f1os y duchas. Tambi\u00e9n se pueden encontrar opciones de alojamiento en A Estrada y sus alrededores. La oferta gastron\u00f3mica incluye pulper\u00edas cerca del Curro y el campo de la fiesta, donde se puede degustar platos locales. Es tradici\u00f3n que las familias se re\u00fanan para comer en las mesas de piedra de la carballeira.<\/p>\n\n\n\n<h2 class=\"wp-block-heading\">Consejos y recomendaciones<\/h2>\n\n\n\n<p>Para disfrutar de la experiencia, se recomienda llevar ropa resistente (pantalones, botas de trekking) para protegerse de la vegetaci\u00f3n, as\u00ed como crema solar y ropa impermeable seg\u00fan la previsi\u00f3n meteorol\u00f3gica. Es fundamental llevar agua y comida para la jornada. Se pide a los visitantes que respeten el medio ambiente, no hagan fuego y depositen la basura en los puntos habilitados. Adem\u00e1s, se aconseja seguir siempre las indicaciones de la organizaci\u00f3n.<\/p>\n<\/div><\/div>\n","protected":false},"excerpt":{"rendered":"<p>C\u00f3mo llegar y d\u00f3nde aparcar Sabucedo se encuentra en el municipio de A Estrada, a 37 km de Pontevedra y 42 km de Santiago. Durante la Rapa, se implementa un plan de tr\u00e1fico con acceso cerrado a la aldea para veh\u00edculos no autorizados a partir del viernes. Se habilitan zonas de aparcamiento gratuito por la [&hellip;]<\/p>\n","protected":false},"author":1,"featured_media":0,"parent":43,"menu_order":0,"comment_status":"closed","ping_status":"closed","template":"templates\/page-without-thumbnail.php","meta":{"_acf_changed":false,"footnotes":""},"class_list":["post-227","page","type-page","status-publish","hentry"],"acf":[],"_links":{"self":[{"href":"https:\/\/rapadasbestas.gal\/index.php?rest_route=\/wp\/v2\/pages\/227","targetHints":{"allow":["GET"]}}],"collection":[{"href":"https:\/\/rapadasbestas.gal\/index.php?rest_route=\/wp\/v2\/pages"}],"about":[{"href":"https:\/\/rapadasbestas.gal\/index.php?rest_route=\/wp\/v2\/types\/page"}],"author":[{"embeddable":true,"href":"https:\/\/rapadasbestas.gal\/index.php?rest_route=\/wp\/v2\/users\/1"}],"replies":[{"embeddable":true,"href":"https:\/\/rapadasbestas.gal\/index.php?rest_route=%2Fwp%2Fv2%2Fcomments&post=227"}],"version-history":[{"count":10,"href":"https:\/\/rapadasbestas.gal\/index.php?rest_route=\/wp\/v2\/pages\/227\/revisions"}],"predecessor-version":[{"id":770,"href":"https:\/\/rapadasbestas.gal\/index.php?rest_route=\/wp\/v2\/pages\/227\/revisions\/770"}],"up":[{"embeddable":true,"href":"https:\/\/rapadasbestas.gal\/index.php?rest_route=\/wp\/v2\/pages\/43"}],"wp:attachment":[{"href":"https:\/\/rapadasbestas.gal\/index.php?rest_route=%2Fwp%2Fv2%2Fmedia&parent=227"}],"curies":[{"name":"wp","href":"https:\/\/api.w.org\/{rel}","templated":true}]}}