{"id":327,"date":"2025-08-26T12:06:02","date_gmt":"2025-08-26T10:06:02","guid":{"rendered":"https:\/\/rapa-g4ajg9g0cyhyd9dz.spaincentral-01.azurewebsites.net\/\/a-pegada-da-arqueoloxia\/"},"modified":"2025-09-11T18:46:12","modified_gmt":"2025-09-11T16:46:12","slug":"a-pegada-da-arqueoloxia","status":"publish","type":"page","link":"https:\/\/rapadasbestas.gal\/?page_id=327","title":{"rendered":"A Pegada da Arqueolox\u00eda"},"content":{"rendered":"\n<h2 class=\"wp-block-heading\">Os Petr\u00f3glifos Milenarios<\/h2>\n\n<p>A relaci\u00f3n do ser humano cos cabalos nestas terras \u00e9 moito m\u00e1is antiga ca a propia lenda da Rapa. Proba disto son os numerosos petr\u00f3glifos, gravados en pedra hai miles de anos, atopados na zona. Moitos deles representan equinos e escenas de caza, demostrando a importancia deste animal para os primeiros poboadores.  <\/p>\n\n<p>En lugares como Chan da Lagoa (en Parada), atop\u00e1ronse gravados de cervos, combinaci\u00f3ns circulares e pseudolaber\u00ednticas, ademais de escenas de equitaci\u00f3n. As\u00ed mesmo, en Outeiro dos Cogoludos (en Paredes) descubr\u00edronse petr\u00f3glifos que mostran xinetes. <\/p>\n\n<h2 class=\"wp-block-heading\">O Xacemento de &#8216;A Casa das Vellas&#8217;<\/h2>\n\n<p>As escavaci\u00f3ns arqueol\u00f3xicas no lugar que a tradici\u00f3n sinala como &#8220;A Casa das Vellas&#8221; revelaron restos dun posible asentamento da Idade de Bronce. A\u00ednda que non se pode confirmar a lenda ao p\u00e9 da letra, estes achados demostran que o lugar tivo unha significaci\u00f3n especial para os habitantes da zona desde tempos inmemoriais. <\/p>\n","protected":false},"excerpt":{"rendered":"<p>Os Petr\u00f3glifos Milenarios A relaci\u00f3n do ser humano cos cabalos nestas terras \u00e9 moito m\u00e1is antiga ca a propia lenda da Rapa. Proba disto son os numerosos petr\u00f3glifos, gravados en pedra hai miles de anos, atopados na zona. Moitos deles representan equinos e escenas de caza, demostrando a importancia deste animal para os primeiros poboadores. [&hellip;]<\/p>\n","protected":false},"author":1,"featured_media":589,"parent":343,"menu_order":0,"comment_status":"closed","ping_status":"closed","template":"templates\/page.php","meta":{"_acf_changed":false,"footnotes":""},"class_list":["post-327","page","type-page","status-publish","has-post-thumbnail","hentry"],"acf":[],"_links":{"self":[{"href":"https:\/\/rapadasbestas.gal\/index.php?rest_route=\/wp\/v2\/pages\/327","targetHints":{"allow":["GET"]}}],"collection":[{"href":"https:\/\/rapadasbestas.gal\/index.php?rest_route=\/wp\/v2\/pages"}],"about":[{"href":"https:\/\/rapadasbestas.gal\/index.php?rest_route=\/wp\/v2\/types\/page"}],"author":[{"embeddable":true,"href":"https:\/\/rapadasbestas.gal\/index.php?rest_route=\/wp\/v2\/users\/1"}],"replies":[{"embeddable":true,"href":"https:\/\/rapadasbestas.gal\/index.php?rest_route=%2Fwp%2Fv2%2Fcomments&post=327"}],"version-history":[{"count":1,"href":"https:\/\/rapadasbestas.gal\/index.php?rest_route=\/wp\/v2\/pages\/327\/revisions"}],"predecessor-version":[{"id":328,"href":"https:\/\/rapadasbestas.gal\/index.php?rest_route=\/wp\/v2\/pages\/327\/revisions\/328"}],"up":[{"embeddable":true,"href":"https:\/\/rapadasbestas.gal\/index.php?rest_route=\/wp\/v2\/pages\/343"}],"wp:featuredmedia":[{"embeddable":true,"href":"https:\/\/rapadasbestas.gal\/index.php?rest_route=\/wp\/v2\/media\/589"}],"wp:attachment":[{"href":"https:\/\/rapadasbestas.gal\/index.php?rest_route=%2Fwp%2Fv2%2Fmedia&parent=327"}],"curies":[{"name":"wp","href":"https:\/\/api.w.org\/{rel}","templated":true}]}}