{"id":331,"date":"2025-08-22T10:44:23","date_gmt":"2025-08-22T08:44:23","guid":{"rendered":"https:\/\/rapa-g4ajg9g0cyhyd9dz.spaincentral-01.azurewebsites.net\/\/inicio\/museo-virtual\/"},"modified":"2025-09-09T17:50:06","modified_gmt":"2025-09-09T15:50:06","slug":"museo-virtual","status":"publish","type":"page","link":"https:\/\/rapadasbestas.gal\/?page_id=331","title":{"rendered":"Museo Virtual"},"content":{"rendered":"\n<p>Vive a Rapa das Bestas como nunca antes. Explora as nosas galer\u00edas inmersivas, viaxa \u00e1 orixe da lenda coa Realidade Aumentada e revive a emoci\u00f3n da festa cos nosos v\u00eddeos 360\u00ba. <\/p>\n","protected":false},"excerpt":{"rendered":"<p>Vive a Rapa das Bestas como nunca antes. Explora as nosas galer\u00edas inmersivas, viaxa \u00e1 orixe da lenda coa Realidade Aumentada e revive a emoci\u00f3n da festa cos nosos v\u00eddeos 360\u00ba.<\/p>\n","protected":false},"author":1,"featured_media":0,"parent":317,"menu_order":0,"comment_status":"closed","ping_status":"closed","template":"templates\/virtual_museum.php","meta":{"_acf_changed":false,"footnotes":""},"class_list":["post-331","page","type-page","status-publish","hentry"],"acf":[],"_links":{"self":[{"href":"https:\/\/rapadasbestas.gal\/index.php?rest_route=\/wp\/v2\/pages\/331","targetHints":{"allow":["GET"]}}],"collection":[{"href":"https:\/\/rapadasbestas.gal\/index.php?rest_route=\/wp\/v2\/pages"}],"about":[{"href":"https:\/\/rapadasbestas.gal\/index.php?rest_route=\/wp\/v2\/types\/page"}],"author":[{"embeddable":true,"href":"https:\/\/rapadasbestas.gal\/index.php?rest_route=\/wp\/v2\/users\/1"}],"replies":[{"embeddable":true,"href":"https:\/\/rapadasbestas.gal\/index.php?rest_route=%2Fwp%2Fv2%2Fcomments&post=331"}],"version-history":[{"count":1,"href":"https:\/\/rapadasbestas.gal\/index.php?rest_route=\/wp\/v2\/pages\/331\/revisions"}],"predecessor-version":[{"id":332,"href":"https:\/\/rapadasbestas.gal\/index.php?rest_route=\/wp\/v2\/pages\/331\/revisions\/332"}],"up":[{"embeddable":true,"href":"https:\/\/rapadasbestas.gal\/index.php?rest_route=\/wp\/v2\/pages\/317"}],"wp:attachment":[{"href":"https:\/\/rapadasbestas.gal\/index.php?rest_route=%2Fwp%2Fv2%2Fmedia&parent=331"}],"curies":[{"name":"wp","href":"https:\/\/api.w.org\/{rel}","templated":true}]}}