{"id":335,"date":"2025-08-27T13:30:27","date_gmt":"2025-08-27T11:30:27","guid":{"rendered":"https:\/\/rapa-g4ajg9g0cyhyd9dz.spaincentral-01.azurewebsites.net\/\/inicio\/museo-virtual\/experiencia-360o\/"},"modified":"2025-09-11T11:21:28","modified_gmt":"2025-09-11T09:21:28","slug":"experiencia-360o","status":"publish","type":"page","link":"https:\/\/rapadasbestas.gal\/?page_id=335","title":{"rendered":"Experiencia 360\u00ba"},"content":{"rendered":"\n<p>Merg\u00fallate na Rapa das Bestas. Usa o rato para mover a c\u00e1mara ou ponte unhas lentes de Realidade Virtual para vivilo coma se estiveses al\u00ed. <\/p>\n","protected":false},"excerpt":{"rendered":"<p>Merg\u00fallate na Rapa das Bestas. Usa o rato para mover a c\u00e1mara ou ponte unhas lentes de Realidade Virtual para vivilo coma se estiveses al\u00ed.<\/p>\n","protected":false},"author":1,"featured_media":0,"parent":331,"menu_order":0,"comment_status":"closed","ping_status":"closed","template":"templates\/360-videos.php","meta":{"_acf_changed":false,"footnotes":""},"class_list":["post-335","page","type-page","status-publish","hentry"],"acf":[],"_links":{"self":[{"href":"https:\/\/rapadasbestas.gal\/index.php?rest_route=\/wp\/v2\/pages\/335","targetHints":{"allow":["GET"]}}],"collection":[{"href":"https:\/\/rapadasbestas.gal\/index.php?rest_route=\/wp\/v2\/pages"}],"about":[{"href":"https:\/\/rapadasbestas.gal\/index.php?rest_route=\/wp\/v2\/types\/page"}],"author":[{"embeddable":true,"href":"https:\/\/rapadasbestas.gal\/index.php?rest_route=\/wp\/v2\/users\/1"}],"replies":[{"embeddable":true,"href":"https:\/\/rapadasbestas.gal\/index.php?rest_route=%2Fwp%2Fv2%2Fcomments&post=335"}],"version-history":[{"count":1,"href":"https:\/\/rapadasbestas.gal\/index.php?rest_route=\/wp\/v2\/pages\/335\/revisions"}],"predecessor-version":[{"id":336,"href":"https:\/\/rapadasbestas.gal\/index.php?rest_route=\/wp\/v2\/pages\/335\/revisions\/336"}],"up":[{"embeddable":true,"href":"https:\/\/rapadasbestas.gal\/index.php?rest_route=\/wp\/v2\/pages\/331"}],"wp:attachment":[{"href":"https:\/\/rapadasbestas.gal\/index.php?rest_route=%2Fwp%2Fv2%2Fmedia&parent=335"}],"curies":[{"name":"wp","href":"https:\/\/api.w.org\/{rel}","templated":true}]}}