{"id":339,"date":"2025-08-28T11:29:09","date_gmt":"2025-08-28T09:29:09","guid":{"rendered":"https:\/\/rapa-g4ajg9g0cyhyd9dz.spaincentral-01.azurewebsites.net\/\/inicio\/museo-virtual\/galeria-fotografica\/"},"modified":"2025-10-24T14:57:57","modified_gmt":"2025-10-24T12:57:57","slug":"galeria-fotografica","status":"publish","type":"page","link":"https:\/\/rapadasbestas.gal\/?page_id=339","title":{"rendered":"Galer\u00eda Fotogr\u00e1fica"},"content":{"rendered":"\n<p>Unha ollada \u00edntima \u00e1 Rapa das Bestas. Explora, filtra e descubre a forza da tradici\u00f3n en cada imaxe. <\/p>\n","protected":false},"excerpt":{"rendered":"<p>Unha ollada \u00edntima \u00e1 Rapa das Bestas. Explora, filtra e descubre a forza da tradici\u00f3n en cada imaxe.<\/p>\n","protected":false},"author":1,"featured_media":0,"parent":331,"menu_order":0,"comment_status":"closed","ping_status":"closed","template":"templates\/galery.php","meta":{"_acf_changed":false,"footnotes":""},"class_list":["post-339","page","type-page","status-publish","hentry"],"acf":[],"_links":{"self":[{"href":"https:\/\/rapadasbestas.gal\/index.php?rest_route=\/wp\/v2\/pages\/339","targetHints":{"allow":["GET"]}}],"collection":[{"href":"https:\/\/rapadasbestas.gal\/index.php?rest_route=\/wp\/v2\/pages"}],"about":[{"href":"https:\/\/rapadasbestas.gal\/index.php?rest_route=\/wp\/v2\/types\/page"}],"author":[{"embeddable":true,"href":"https:\/\/rapadasbestas.gal\/index.php?rest_route=\/wp\/v2\/users\/1"}],"replies":[{"embeddable":true,"href":"https:\/\/rapadasbestas.gal\/index.php?rest_route=%2Fwp%2Fv2%2Fcomments&post=339"}],"version-history":[{"count":1,"href":"https:\/\/rapadasbestas.gal\/index.php?rest_route=\/wp\/v2\/pages\/339\/revisions"}],"predecessor-version":[{"id":340,"href":"https:\/\/rapadasbestas.gal\/index.php?rest_route=\/wp\/v2\/pages\/339\/revisions\/340"}],"up":[{"embeddable":true,"href":"https:\/\/rapadasbestas.gal\/index.php?rest_route=\/wp\/v2\/pages\/331"}],"wp:attachment":[{"href":"https:\/\/rapadasbestas.gal\/index.php?rest_route=%2Fwp%2Fv2%2Fmedia&parent=339"}],"curies":[{"name":"wp","href":"https:\/\/api.w.org\/{rel}","templated":true}]}}