{"id":347,"date":"2025-08-22T10:44:37","date_gmt":"2025-08-22T08:44:37","guid":{"rendered":"https:\/\/rapa-g4ajg9g0cyhyd9dz.spaincentral-01.azurewebsites.net\/\/inicio\/planifica-a-tua-visita\/"},"modified":"2025-09-11T14:32:06","modified_gmt":"2025-09-11T12:32:06","slug":"planifica-a-tua-visita","status":"publish","type":"page","link":"https:\/\/rapadasbestas.gal\/?page_id=347","title":{"rendered":"Planifica a t\u00faa Visita"},"content":{"rendered":"\n<p>Aqu\u00ed atopar\u00e1s toda a informaci\u00f3n pr\u00e1ctica que necesitas para organizar a t\u00faa visita \u00e1 Rapa das Bestas e gozar dunha experiencia inesquecible.<\/p>\n","protected":false},"excerpt":{"rendered":"<p>Aqu\u00ed atopar\u00e1s toda a informaci\u00f3n pr\u00e1ctica que necesitas para organizar a t\u00faa visita \u00e1 Rapa das Bestas e gozar dunha experiencia inesquecible.<\/p>\n","protected":false},"author":1,"featured_media":556,"parent":317,"menu_order":0,"comment_status":"closed","ping_status":"closed","template":"templates\/page-with-cards.php","meta":{"_acf_changed":false,"footnotes":""},"class_list":["post-347","page","type-page","status-publish","has-post-thumbnail","hentry"],"acf":[],"_links":{"self":[{"href":"https:\/\/rapadasbestas.gal\/index.php?rest_route=\/wp\/v2\/pages\/347","targetHints":{"allow":["GET"]}}],"collection":[{"href":"https:\/\/rapadasbestas.gal\/index.php?rest_route=\/wp\/v2\/pages"}],"about":[{"href":"https:\/\/rapadasbestas.gal\/index.php?rest_route=\/wp\/v2\/types\/page"}],"author":[{"embeddable":true,"href":"https:\/\/rapadasbestas.gal\/index.php?rest_route=\/wp\/v2\/users\/1"}],"replies":[{"embeddable":true,"href":"https:\/\/rapadasbestas.gal\/index.php?rest_route=%2Fwp%2Fv2%2Fcomments&post=347"}],"version-history":[{"count":5,"href":"https:\/\/rapadasbestas.gal\/index.php?rest_route=\/wp\/v2\/pages\/347\/revisions"}],"predecessor-version":[{"id":501,"href":"https:\/\/rapadasbestas.gal\/index.php?rest_route=\/wp\/v2\/pages\/347\/revisions\/501"}],"up":[{"embeddable":true,"href":"https:\/\/rapadasbestas.gal\/index.php?rest_route=\/wp\/v2\/pages\/317"}],"wp:featuredmedia":[{"embeddable":true,"href":"https:\/\/rapadasbestas.gal\/index.php?rest_route=\/wp\/v2\/media\/556"}],"wp:attachment":[{"href":"https:\/\/rapadasbestas.gal\/index.php?rest_route=%2Fwp%2Fv2%2Fmedia&parent=347"}],"curies":[{"name":"wp","href":"https:\/\/api.w.org\/{rel}","templated":true}]}}