{"id":365,"date":"2025-08-26T11:49:54","date_gmt":"2025-08-26T09:49:54","guid":{"rendered":"https:\/\/rapa-g4ajg9g0cyhyd9dz.spaincentral-01.azurewebsites.net\/\/inicio\/a-rapa\/o-circulo-virtuoso-conservacion-e-ecosistema\/"},"modified":"2025-10-27T22:54:51","modified_gmt":"2025-10-27T21:54:51","slug":"o-circulo-virtuoso-conservacion-e-ecosistema","status":"publish","type":"page","link":"https:\/\/rapadasbestas.gal\/?page_id=365","title":{"rendered":"O C\u00edrculo Virtuoso: Conservaci\u00f3n e Ecosistema"},"content":{"rendered":"\n<div class=\"wp-block-columns is-layout-flex wp-container-core-columns-is-layout-9d6595d7 wp-block-columns-is-layout-flex\">\n<div class=\"wp-block-column is-layout-flow wp-block-column-is-layout-flow\" style=\"flex-basis:50%\">\n<div class=\"wp-block-group\"><div class=\"wp-block-group__inner-container is-layout-constrained wp-block-group-is-layout-constrained\">\n<div class=\"wp-block-group\"><div class=\"wp-block-group__inner-container is-layout-constrained wp-block-group-is-layout-constrained\">\n<div class=\"wp-block-group\"><div class=\"wp-block-group__inner-container is-layout-constrained wp-block-group-is-layout-constrained\">\n<h2 class=\"wp-block-heading\"><strong>Prevenci\u00f3n de Incendios: Bombeiros de Catro Patas<\/strong><\/h2>\n\n\n\n<p>A presenza das mandas no monte \u00e9 o sistema de prevenci\u00f3n de incendios m\u00e1is eficaz e sostible que existe. Ao pastar, os cabalos mante\u00f1en baixo control a matogueira e a biomasa combustible, creando devasas naturais e reducindo drasticamente o risco e a virulencia dos incendios forestais. <\/p>\n\n\n\n<h2 class=\"wp-block-heading\"><strong>Gardi\u00e1ns da Biodiversidade<\/strong><\/h2>\n\n\n\n<p>O pastoreo extensivo dos cabalos modela a paisaxe, fomenta a diversidade de pastos e axuda \u00e1 dispersi\u00f3n de sementes. A s\u00faa actividade mant\u00e9n un ecosistema en equilibrio que beneficia a multitude doutras especies animais e vexetais. A Rapa, por tanto, non \u00e9 s\u00f3 unha festa: \u00e9 a culminaci\u00f3n dun ciclo anual de xesti\u00f3n sostible e coidado do medio ambiente.  <\/p>\n<\/div><\/div>\n<\/div><\/div>\n<\/div><\/div>\n<\/div>\n\n\n\n<div class=\"wp-block-column is-layout-flow wp-block-column-is-layout-flow\" style=\"flex-basis:50%\">\n<figure class=\"wp-block-video\"><video height=\"1024\" style=\"aspect-ratio: 1024 \/ 1024;\" width=\"1024\" autoplay loop muted src=\"\/wp-content\/uploads\/2025\/10\/circulo.mp4\" playsinline><\/video><\/figure>\n<\/div>\n<\/div>\n","protected":false},"excerpt":{"rendered":"<p>Prevenci\u00f3n de Incendios: Bombeiros de Catro Patas A presenza das mandas no monte \u00e9 o sistema de prevenci\u00f3n de incendios m\u00e1is eficaz e sostible que existe. Ao pastar, os cabalos mante\u00f1en baixo control a matogueira e a biomasa combustible, creando devasas naturais e reducindo drasticamente o risco e a virulencia dos incendios forestais. Gardi\u00e1ns da [&hellip;]<\/p>\n","protected":false},"author":1,"featured_media":0,"parent":325,"menu_order":0,"comment_status":"closed","ping_status":"closed","template":"templates\/page-without-thumbnail.php","meta":{"_acf_changed":false,"footnotes":""},"class_list":["post-365","page","type-page","status-publish","hentry"],"acf":[],"_links":{"self":[{"href":"https:\/\/rapadasbestas.gal\/index.php?rest_route=\/wp\/v2\/pages\/365","targetHints":{"allow":["GET"]}}],"collection":[{"href":"https:\/\/rapadasbestas.gal\/index.php?rest_route=\/wp\/v2\/pages"}],"about":[{"href":"https:\/\/rapadasbestas.gal\/index.php?rest_route=\/wp\/v2\/types\/page"}],"author":[{"embeddable":true,"href":"https:\/\/rapadasbestas.gal\/index.php?rest_route=\/wp\/v2\/users\/1"}],"replies":[{"embeddable":true,"href":"https:\/\/rapadasbestas.gal\/index.php?rest_route=%2Fwp%2Fv2%2Fcomments&post=365"}],"version-history":[{"count":4,"href":"https:\/\/rapadasbestas.gal\/index.php?rest_route=\/wp\/v2\/pages\/365\/revisions"}],"predecessor-version":[{"id":793,"href":"https:\/\/rapadasbestas.gal\/index.php?rest_route=\/wp\/v2\/pages\/365\/revisions\/793"}],"up":[{"embeddable":true,"href":"https:\/\/rapadasbestas.gal\/index.php?rest_route=\/wp\/v2\/pages\/325"}],"wp:attachment":[{"href":"https:\/\/rapadasbestas.gal\/index.php?rest_route=%2Fwp%2Fv2%2Fmedia&parent=365"}],"curies":[{"name":"wp","href":"https:\/\/api.w.org\/{rel}","templated":true}]}}