{"id":371,"date":"2025-08-26T12:01:24","date_gmt":"2025-08-26T10:01:24","guid":{"rendered":"https:\/\/rapa-g4ajg9g0cyhyd9dz.spaincentral-01.azurewebsites.net\/\/inicio\/o-noso-patrimonio\/a-paisaxe-de-sabucedo\/"},"modified":"2025-09-11T18:47:24","modified_gmt":"2025-09-11T16:47:24","slug":"a-paisaxe-de-sabucedo","status":"publish","type":"page","link":"https:\/\/rapadasbestas.gal\/?page_id=371","title":{"rendered":"A Paisaxe de Sabucedo"},"content":{"rendered":"\n<h2 class=\"wp-block-heading\">Un Ecosistema \u00danico<\/h2>\n\n<p>A contorna de Sabucedo caracter\u00edzase por ser un mosaico de monte baixo, bosques aut\u00f3ctonos e prados. Esta diversidade \u00e9 o h\u00e1bitat perfecto para as \u201cbestas\u201d e multitude doutras especies. A xesti\u00f3n tradicional do monte, realizada polos veci\u00f1os, permitiu conservar este equilibrio durante s\u00e9culos.  <\/p>\n\n<h2 class=\"wp-block-heading\">Montouto<\/h2>\n\n<p>As \u201cbestas\u201d est\u00e1n presentes nunha \u00e1rea de aproximadamente 3.000 hect\u00e1reas de bosque co\u00f1ecido como Monte Montouto, pertencente aos municipios da Estrada, Cerdedo-Cotobade, Campolameiro e Cuntis.<\/p>\n\n<h2 class=\"wp-block-heading\">\u00abToxeiras\u00bb e \u00abMatogueiras\u00bb<\/h2>\n\n<p>A pesar das cualificaci\u00f3ns despectivas que reciben, desde un punto de vista ambiental, os matogueiros e as &#8220;toxeiras&#8221; (breixeiras) son un dos h\u00e1bitats con maior riqueza de fauna e flora. Proporcionan unha fonte importante de nitr\u00f3xeno para o solo e serven como alimento para o gando e refuxio para a fauna. A pesar de ser economicamente improdutivo, este ecosistema \u00e9 moi valioso para a biodiversidade.  <\/p>\n\n<h2 class=\"wp-block-heading\">O Rol das Bestas<\/h2>\n\n<p>Ademais, a continuidade do uso tradicional destes animais favorece a conservaci\u00f3n do h\u00e1bitat e a preservaci\u00f3n dunha poboaci\u00f3n de cabalos end\u00e9mica. Estes cabalos son unha parte fundamental dos ecosistemas da serra galega, axudando a controlar a biomasa ao alimentarse de toxos e herbas, o que os converte nun aliado clave na prevenci\u00f3n de incendios forestais. <\/p>\n\n<h2 class=\"wp-block-heading\">O Monte na Tradici\u00f3n<\/h2>\n\n<p>O monte non \u00e9 s\u00f3 o fogar dos cabalos; \u00e9 unha parte fundamental da identidade de Sabucedo.<\/p>\n\n<p>A \u201cBaixa\u201d \u00e9 como se co\u00f1ece en Sabucedo a reuni\u00f3n das \u201cbestas\u201d que viven libres no monte de Montouto durante todo o ano para conducilas ata a parroquia, onde permanecer\u00e1n durante tres d\u00edas.<\/p>\n\n<p>Este acto \u00e9 o momento culminante dunha relaci\u00f3n de todo un ano, no que os veci\u00f1os coidan e vix\u00edan o territorio, protex\u00e9ndoo de incendios e asegurando o benestar da manda.<\/p>\n","protected":false},"excerpt":{"rendered":"<p>Un Ecosistema \u00danico A contorna de Sabucedo caracter\u00edzase por ser un mosaico de monte baixo, bosques aut\u00f3ctonos e prados. Esta diversidade \u00e9 o h\u00e1bitat perfecto para as \u201cbestas\u201d e multitude doutras especies. A xesti\u00f3n tradicional do monte, realizada polos veci\u00f1os, permitiu conservar este equilibrio durante s\u00e9culos. Montouto As \u201cbestas\u201d est\u00e1n presentes nunha \u00e1rea de aproximadamente [&hellip;]<\/p>\n","protected":false},"author":1,"featured_media":582,"parent":343,"menu_order":0,"comment_status":"closed","ping_status":"closed","template":"templates\/page.php","meta":{"_acf_changed":false,"footnotes":""},"class_list":["post-371","page","type-page","status-publish","has-post-thumbnail","hentry"],"acf":[],"_links":{"self":[{"href":"https:\/\/rapadasbestas.gal\/index.php?rest_route=\/wp\/v2\/pages\/371","targetHints":{"allow":["GET"]}}],"collection":[{"href":"https:\/\/rapadasbestas.gal\/index.php?rest_route=\/wp\/v2\/pages"}],"about":[{"href":"https:\/\/rapadasbestas.gal\/index.php?rest_route=\/wp\/v2\/types\/page"}],"author":[{"embeddable":true,"href":"https:\/\/rapadasbestas.gal\/index.php?rest_route=\/wp\/v2\/users\/1"}],"replies":[{"embeddable":true,"href":"https:\/\/rapadasbestas.gal\/index.php?rest_route=%2Fwp%2Fv2%2Fcomments&post=371"}],"version-history":[{"count":3,"href":"https:\/\/rapadasbestas.gal\/index.php?rest_route=\/wp\/v2\/pages\/371\/revisions"}],"predecessor-version":[{"id":378,"href":"https:\/\/rapadasbestas.gal\/index.php?rest_route=\/wp\/v2\/pages\/371\/revisions\/378"}],"up":[{"embeddable":true,"href":"https:\/\/rapadasbestas.gal\/index.php?rest_route=\/wp\/v2\/pages\/343"}],"wp:featuredmedia":[{"embeddable":true,"href":"https:\/\/rapadasbestas.gal\/index.php?rest_route=\/wp\/v2\/media\/582"}],"wp:attachment":[{"href":"https:\/\/rapadasbestas.gal\/index.php?rest_route=%2Fwp%2Fv2%2Fmedia&parent=371"}],"curies":[{"name":"wp","href":"https:\/\/api.w.org\/{rel}","templated":true}]}}