{"id":855,"date":"2025-10-27T23:17:18","date_gmt":"2025-10-27T22:17:18","guid":{"rendered":"https:\/\/rapadasbestas.gal\/?page_id=855"},"modified":"2025-10-28T13:13:07","modified_gmt":"2025-10-28T12:13:07","slug":"recursos-didacticos","status":"publish","type":"page","link":"https:\/\/rapadasbestas.gal\/?page_id=855","title":{"rendered":"Recursos Did\u00e1cticos"},"content":{"rendered":"\n<div class=\"wp-block-group\"><div class=\"wp-block-group__inner-container is-layout-constrained wp-block-group-is-layout-constrained\">\n<div class=\"wp-block-columns is-layout-flex wp-container-core-columns-is-layout-9d6595d7 wp-block-columns-is-layout-flex\">\n<div class=\"wp-block-column is-layout-flow wp-block-column-is-layout-flow\">\n<p class=\"has-text-align-center\"><strong>Os meus amigos os cabalos<\/strong><\/p>\n\n\n<div class=\"wp-block-image\">\n<figure class=\"aligncenter size-medium\"><img loading=\"lazy\" decoding=\"async\" width=\"200\" height=\"300\" src=\"\/wp-content\/uploads\/2025\/10\/ninos-200x300.png\" alt=\"\" class=\"wp-image-834\" srcset=\"\/wp-content\/uploads\/2025\/10\/ninos-200x300.png 200w, \/wp-content\/uploads\/2025\/10\/ninos-683x1024.png 683w, \/wp-content\/uploads\/2025\/10\/ninos-768x1152.png 768w, \/wp-content\/uploads\/2025\/10\/ninos.png 1024w\" sizes=\"auto, (max-width: 200px) 100vw, 200px\" \/><\/figure>\n<\/div>\n\n\n<p class=\"has-text-align-center\">Caderno para nenos<\/p>\n\n\n\n<p class=\"has-text-align-center\"><a href=\"https:\/\/pruebas.teslatechnologies.com\/rapa\/cuadernillos\/ninos_gl.html\" data-type=\"link\" data-id=\"https:\/\/pruebas.teslatechnologies.com\/rapa\/cuadernillos\/ninos.html\"><strong>Descarga aqu\u00ed<\/strong><\/a><\/p>\n<\/div>\n\n\n\n<div class=\"wp-block-column is-layout-flow wp-block-column-is-layout-flow\">\n<p class=\"has-text-align-center\"><strong>A aventura da rapa das bestas<\/strong><\/p>\n\n\n<div class=\"wp-block-image\">\n<figure class=\"aligncenter size-medium\"><img loading=\"lazy\" decoding=\"async\" width=\"200\" height=\"300\" src=\"\/wp-content\/uploads\/2025\/10\/preadolescente-200x300.png\" alt=\"\" class=\"wp-image-835\" srcset=\"\/wp-content\/uploads\/2025\/10\/preadolescente-200x300.png 200w, \/wp-content\/uploads\/2025\/10\/preadolescente-683x1024.png 683w, \/wp-content\/uploads\/2025\/10\/preadolescente-768x1152.png 768w, \/wp-content\/uploads\/2025\/10\/preadolescente.png 1024w\" sizes=\"auto, (max-width: 200px) 100vw, 200px\" \/><\/figure>\n<\/div>\n\n\n<p class=\"has-text-align-center\">Caderno para preadolescentes<\/p>\n\n\n\n<p class=\"has-text-align-center\"><a href=\"https:\/\/pruebas.teslatechnologies.com\/rapa\/cuadernillos\/preadolescentes_gl.html\"><strong>Descarga aqu\u00ed<\/strong><\/a><\/p>\n<\/div>\n\n\n\n<div class=\"wp-block-column is-layout-flow wp-block-column-is-layout-flow\">\n<p class=\"has-text-align-center\"><strong>O desaf\u00edo dos aloitadores<\/strong><\/p>\n\n\n<div class=\"wp-block-image\">\n<figure class=\"aligncenter size-medium\"><img loading=\"lazy\" decoding=\"async\" width=\"200\" height=\"300\" src=\"\/wp-content\/uploads\/2025\/10\/familiar2-200x300.png\" alt=\"\" class=\"wp-image-844\" srcset=\"\/wp-content\/uploads\/2025\/10\/familiar2-200x300.png 200w, \/wp-content\/uploads\/2025\/10\/familiar2.png 624w\" sizes=\"auto, (max-width: 200px) 100vw, 200px\" \/><\/figure>\n<\/div>\n\n\n<p class=\"has-text-align-center\">Caderno familiar<\/p>\n\n\n\n<p class=\"has-text-align-center\"><strong> <a href=\"https:\/\/pruebas.teslatechnologies.com\/rapa\/cuadernillos\/primaria_gl.html\">Descarga aqu\u00ed<\/a><\/strong><\/p>\n<\/div>\n<\/div>\n<\/div><\/div>\n\n\n\n<p><\/p>\n","protected":false},"excerpt":{"rendered":"<p>Os meus amigos os cabalos Caderno para nenos Descarga aqu\u00ed A aventura da rapa das bestas Caderno para preadolescentes Descarga aqu\u00ed O desaf\u00edo dos aloitadores Caderno familiar Descarga aqu\u00ed<\/p>\n","protected":false},"author":1,"featured_media":0,"parent":0,"menu_order":0,"comment_status":"closed","ping_status":"closed","template":"templates\/page.php","meta":{"_acf_changed":false,"footnotes":""},"class_list":["post-855","page","type-page","status-publish","hentry"],"acf":[],"_links":{"self":[{"href":"https:\/\/rapadasbestas.gal\/index.php?rest_route=\/wp\/v2\/pages\/855","targetHints":{"allow":["GET"]}}],"collection":[{"href":"https:\/\/rapadasbestas.gal\/index.php?rest_route=\/wp\/v2\/pages"}],"about":[{"href":"https:\/\/rapadasbestas.gal\/index.php?rest_route=\/wp\/v2\/types\/page"}],"author":[{"embeddable":true,"href":"https:\/\/rapadasbestas.gal\/index.php?rest_route=\/wp\/v2\/users\/1"}],"replies":[{"embeddable":true,"href":"https:\/\/rapadasbestas.gal\/index.php?rest_route=%2Fwp%2Fv2%2Fcomments&post=855"}],"version-history":[{"count":1,"href":"https:\/\/rapadasbestas.gal\/index.php?rest_route=\/wp\/v2\/pages\/855\/revisions"}],"predecessor-version":[{"id":861,"href":"https:\/\/rapadasbestas.gal\/index.php?rest_route=\/wp\/v2\/pages\/855\/revisions\/861"}],"wp:attachment":[{"href":"https:\/\/rapadasbestas.gal\/index.php?rest_route=%2Fwp%2Fv2%2Fmedia&parent=855"}],"curies":[{"name":"wp","href":"https:\/\/api.w.org\/{rel}","templated":true}]}}